{"id":3163,"date":"2023-12-02T14:12:54","date_gmt":"2023-12-02T13:12:54","guid":{"rendered":"https:\/\/bpp.katowice.pl\/?page_id=3163"},"modified":"2023-12-04T14:33:38","modified_gmt":"2023-12-04T13:33:38","slug":"25-biennale-plakatu-polskiego","status":"publish","type":"page","link":"https:\/\/bpp.katowice.pl\/?page_id=3163","title":{"rendered":"25 BIENNALE PLAKATU POLSKIEGO"},"content":{"rendered":"","protected":false},"excerpt":{"rendered":"","protected":false},"author":1,"featured_media":0,"parent":0,"menu_order":0,"comment_status":"closed","ping_status":"closed","template":"","meta":{"_ti_tpc_template_sync":false,"_ti_tpc_template_id":"","footnotes":""},"class_list":["post-3163","page","type-page","status-publish","hentry","entry"],"yoast_head":"<!-- This site is optimized with the Yoast SEO plugin v21.6 - https:\/\/yoast.com\/wordpress\/plugins\/seo\/ -->\n<title>25 BIENNALE PLAKATU POLSKIEGO - BIENNALE PLAKATU POLSKIEGO<\/title>\n<meta name=\"robots\" content=\"index, follow, max-snippet:-1, max-image-preview:large, max-video-preview:-1\" \/>\n<link rel=\"canonical\" href=\"https:\/\/bpp.katowice.pl\/?page_id=3163\" \/>\n<meta property=\"og:locale\" content=\"pl_PL\" \/>\n<meta property=\"og:type\" content=\"article\" \/>\n<meta property=\"og:title\" content=\"25 BIENNALE PLAKATU POLSKIEGO - BIENNALE PLAKATU POLSKIEGO\" \/>\n<meta property=\"og:url\" content=\"https:\/\/bpp.katowice.pl\/?page_id=3163\" \/>\n<meta property=\"og:site_name\" content=\"BIENNALE PLAKATU POLSKIEGO\" \/>\n<meta property=\"article:modified_time\" content=\"2023-12-04T13:33:38+00:00\" \/>\n<meta name=\"twitter:card\" content=\"summary_large_image\" \/>\n<script type=\"application\/ld+json\" class=\"yoast-schema-graph\">{\"@context\":\"https:\/\/schema.org\",\"@graph\":[{\"@type\":\"WebPage\",\"@id\":\"https:\/\/bpp.katowice.pl\/?page_id=3163\",\"url\":\"https:\/\/bpp.katowice.pl\/?page_id=3163\",\"name\":\"25 BIENNALE PLAKATU POLSKIEGO - BIENNALE PLAKATU POLSKIEGO\",\"isPartOf\":{\"@id\":\"https:\/\/bpp.katowice.pl\/#website\"},\"datePublished\":\"2023-12-02T13:12:54+00:00\",\"dateModified\":\"2023-12-04T13:33:38+00:00\",\"breadcrumb\":{\"@id\":\"https:\/\/bpp.katowice.pl\/?page_id=3163#breadcrumb\"},\"inLanguage\":\"pl-PL\",\"potentialAction\":[{\"@type\":\"ReadAction\",\"target\":[\"https:\/\/bpp.katowice.pl\/?page_id=3163\"]}]},{\"@type\":\"BreadcrumbList\",\"@id\":\"https:\/\/bpp.katowice.pl\/?page_id=3163#breadcrumb\",\"itemListElement\":[{\"@type\":\"ListItem\",\"position\":1,\"name\":\"Home\",\"item\":\"https:\/\/bpp.katowice.pl\/\"},{\"@type\":\"ListItem\",\"position\":2,\"name\":\"25 BIENNALE PLAKATU POLSKIEGO\"}]},{\"@type\":\"WebSite\",\"@id\":\"https:\/\/bpp.katowice.pl\/#website\",\"url\":\"https:\/\/bpp.katowice.pl\/\",\"name\":\"BIENNALE PLAKATU POLSKIEGO\",\"description\":\"Konkursowy przegl\u0105d polskiej tw\u00f3rczo\u015bci plakatowej\",\"publisher\":{\"@id\":\"https:\/\/bpp.katowice.pl\/#organization\"},\"potentialAction\":[{\"@type\":\"SearchAction\",\"target\":{\"@type\":\"EntryPoint\",\"urlTemplate\":\"https:\/\/bpp.katowice.pl\/?s={search_term_string}\"},\"query-input\":\"required name=search_term_string\"}],\"inLanguage\":\"pl-PL\"},{\"@type\":\"Organization\",\"@id\":\"https:\/\/bpp.katowice.pl\/#organization\",\"name\":\"BIENNALE PLAKATU POLSKIEGO\",\"url\":\"https:\/\/bpp.katowice.pl\/\",\"logo\":{\"@type\":\"ImageObject\",\"inLanguage\":\"pl-PL\",\"@id\":\"https:\/\/bpp.katowice.pl\/#\/schema\/logo\/image\/\",\"url\":\"https:\/\/bpp.katowice.pl\/wp-content\/uploads\/2023\/03\/cropped-cropped-logoBPPwww.jpg\",\"contentUrl\":\"https:\/\/bpp.katowice.pl\/wp-content\/uploads\/2023\/03\/cropped-cropped-logoBPPwww.jpg\",\"width\":558,\"height\":227,\"caption\":\"BIENNALE PLAKATU POLSKIEGO\"},\"image\":{\"@id\":\"https:\/\/bpp.katowice.pl\/#\/schema\/logo\/image\/\"}}]}<\/script>\n<!-- \/ Yoast SEO plugin. -->","yoast_head_json":{"title":"25 BIENNALE PLAKATU POLSKIEGO - BIENNALE PLAKATU POLSKIEGO","robots":{"index":"index","follow":"follow","max-snippet":"max-snippet:-1","max-image-preview":"max-image-preview:large","max-video-preview":"max-video-preview:-1"},"canonical":"https:\/\/bpp.katowice.pl\/?page_id=3163","og_locale":"pl_PL","og_type":"article","og_title":"25 BIENNALE PLAKATU POLSKIEGO - BIENNALE PLAKATU POLSKIEGO","og_url":"https:\/\/bpp.katowice.pl\/?page_id=3163","og_site_name":"BIENNALE PLAKATU POLSKIEGO","article_modified_time":"2023-12-04T13:33:38+00:00","twitter_card":"summary_large_image","schema":{"@context":"https:\/\/schema.org","@graph":[{"@type":"WebPage","@id":"https:\/\/bpp.katowice.pl\/?page_id=3163","url":"https:\/\/bpp.katowice.pl\/?page_id=3163","name":"25 BIENNALE PLAKATU POLSKIEGO - BIENNALE PLAKATU POLSKIEGO","isPartOf":{"@id":"https:\/\/bpp.katowice.pl\/#website"},"datePublished":"2023-12-02T13:12:54+00:00","dateModified":"2023-12-04T13:33:38+00:00","breadcrumb":{"@id":"https:\/\/bpp.katowice.pl\/?page_id=3163#breadcrumb"},"inLanguage":"pl-PL","potentialAction":[{"@type":"ReadAction","target":["https:\/\/bpp.katowice.pl\/?page_id=3163"]}]},{"@type":"BreadcrumbList","@id":"https:\/\/bpp.katowice.pl\/?page_id=3163#breadcrumb","itemListElement":[{"@type":"ListItem","position":1,"name":"Home","item":"https:\/\/bpp.katowice.pl\/"},{"@type":"ListItem","position":2,"name":"25 BIENNALE PLAKATU POLSKIEGO"}]},{"@type":"WebSite","@id":"https:\/\/bpp.katowice.pl\/#website","url":"https:\/\/bpp.katowice.pl\/","name":"BIENNALE PLAKATU POLSKIEGO","description":"Konkursowy przegl\u0105d polskiej tw\u00f3rczo\u015bci plakatowej","publisher":{"@id":"https:\/\/bpp.katowice.pl\/#organization"},"potentialAction":[{"@type":"SearchAction","target":{"@type":"EntryPoint","urlTemplate":"https:\/\/bpp.katowice.pl\/?s={search_term_string}"},"query-input":"required name=search_term_string"}],"inLanguage":"pl-PL"},{"@type":"Organization","@id":"https:\/\/bpp.katowice.pl\/#organization","name":"BIENNALE PLAKATU POLSKIEGO","url":"https:\/\/bpp.katowice.pl\/","logo":{"@type":"ImageObject","inLanguage":"pl-PL","@id":"https:\/\/bpp.katowice.pl\/#\/schema\/logo\/image\/","url":"https:\/\/bpp.katowice.pl\/wp-content\/uploads\/2023\/03\/cropped-cropped-logoBPPwww.jpg","contentUrl":"https:\/\/bpp.katowice.pl\/wp-content\/uploads\/2023\/03\/cropped-cropped-logoBPPwww.jpg","width":558,"height":227,"caption":"BIENNALE PLAKATU POLSKIEGO"},"image":{"@id":"https:\/\/bpp.katowice.pl\/#\/schema\/logo\/image\/"}}]}},"_links":{"self":[{"href":"https:\/\/bpp.katowice.pl\/index.php?rest_route=\/wp\/v2\/pages\/3163","targetHints":{"allow":["GET"]}}],"collection":[{"href":"https:\/\/bpp.katowice.pl\/index.php?rest_route=\/wp\/v2\/pages"}],"about":[{"href":"https:\/\/bpp.katowice.pl\/index.php?rest_route=\/wp\/v2\/types\/page"}],"author":[{"embeddable":true,"href":"https:\/\/bpp.katowice.pl\/index.php?rest_route=\/wp\/v2\/users\/1"}],"replies":[{"embeddable":true,"href":"https:\/\/bpp.katowice.pl\/index.php?rest_route=%2Fwp%2Fv2%2Fcomments&post=3163"}],"version-history":[{"count":2,"href":"https:\/\/bpp.katowice.pl\/index.php?rest_route=\/wp\/v2\/pages\/3163\/revisions"}],"predecessor-version":[{"id":3166,"href":"https:\/\/bpp.katowice.pl\/index.php?rest_route=\/wp\/v2\/pages\/3163\/revisions\/3166"}],"wp:attachment":[{"href":"https:\/\/bpp.katowice.pl\/index.php?rest_route=%2Fwp%2Fv2%2Fmedia&parent=3163"}],"curies":[{"name":"wp","href":"https:\/\/api.w.org\/{rel}","templated":true}]}}